{"id":684,"date":"2020-04-13T09:27:56","date_gmt":"2020-04-13T09:27:56","guid":{"rendered":"https:\/\/www.exagonplus.com\/web\/?page_id=684"},"modified":"2020-05-16T10:35:27","modified_gmt":"2020-05-16T10:35:27","slug":"semplicita","status":"publish","type":"page","link":"https:\/\/www.exagonplus.com\/web\/index.php\/semplicita\/","title":{"rendered":"Semplicit\u00e0"},"content":{"rendered":"\n<ul class=\"wp-block-gallery columns-1\"><li class=\"blocks-gallery-item\"><figure><img src=\"https:\/\/www.exagonplus.com\/web\/wp-content\/uploads\/2020\/04\/semplicit\u00e02.jpg\" alt=\"\" data-id=\"726\" data-link=\"https:\/\/www.exagonplus.com\/web\/?attachment_id=726\" class=\"wp-image-726\"\/><\/figure><\/li><\/ul>\n\n\n\n<p>Vuoi qualcosa che con pochi click ti permette di gestire il tuo\nsalone? <\/p>\n\n\n\n<p>Beh! con Exagon Plus puoi registrare i clienti, le loro abitudini,\n<\/p>\n\n\n\n<p>creare promozioni, prendere appuntamenti, inviare messaggi per il\ncompleanno, gestire le scorte di magazzino, fare Marketing, contabilit\u00e0 e tanto\naltro\u2026<\/p>\n\n\n\n<p>Tutto senza avere bisogno di una conoscenza approfondita del PC.<\/p>\n\n\n\n<p>Exagon Plus \u00e8 stato pensato cercando di rendere il suo utilizzo il pi\u00f9 semplice e intuitivo possibile, capendo le esigenze dei saloni volendo cos\u00ec ottimizzare il tempo da passare al PC per la registrazione del cliente e delle sue abitudini. Al contempo sono stati inseriti tutti quei campi che permettono una gestione completa del proprio salone\/centro estetico.<\/p>\n\n\n\n<p>La sua semplicit\u00e0 di utilizzo in realt\u00e0 nasconde un grande\npotenziale che lo rende sul mercato uno tra i migliori gestionali da utilizzare\nnel settore. <\/p>\n","protected":false},"excerpt":{"rendered":"Vuoi qualcosa che con pochi click ti permette di gestire il tuo salone? [&hellip;]","protected":false},"author":4,"featured_media":0,"parent":0,"menu_order":0,"comment_status":"closed","ping_status":"closed","template":"","meta":{"_monsterinsights_skip_tracking":false,"_monsterinsights_sitenote_active":false,"_monsterinsights_sitenote_note":"","_monsterinsights_sitenote_category":0},"yoast_head":"<!-- This site is optimized with the Yoast SEO plugin v19.9 - https:\/\/yoast.com\/wordpress\/plugins\/seo\/ -->\n<title>Semplicit\u00e0 - Exagon Plus<\/title>\n<meta name=\"robots\" content=\"index, follow, max-snippet:-1, max-image-preview:large, max-video-preview:-1\" \/>\n<link rel=\"canonical\" href=\"https:\/\/www.exagonplus.com\/web\/index.php\/semplicita\/\" \/>\n<meta property=\"og:locale\" content=\"it_IT\" \/>\n<meta property=\"og:type\" content=\"article\" \/>\n<meta property=\"og:title\" content=\"Semplicit\u00e0 - Exagon Plus\" \/>\n<meta property=\"og:description\" content=\"Vuoi qualcosa che con pochi click ti permette di gestire il tuo salone? [&hellip;]\" \/>\n<meta property=\"og:url\" content=\"https:\/\/www.exagonplus.com\/web\/index.php\/semplicita\/\" \/>\n<meta property=\"og:site_name\" content=\"Exagon Plus\" \/>\n<meta property=\"article:publisher\" content=\"https:\/\/www.facebook.com\/exagonsoftware\" \/>\n<meta property=\"article:modified_time\" content=\"2020-05-16T10:35:27+00:00\" \/>\n<meta name=\"twitter:card\" content=\"summary_large_image\" \/>\n<meta name=\"twitter:label1\" content=\"Tempo di lettura stimato\" \/>\n\t<meta name=\"twitter:data1\" content=\"1 minuto\" \/>\n<script type=\"application\/ld+json\" class=\"yoast-schema-graph\">{\"@context\":\"https:\/\/schema.org\",\"@graph\":[{\"@type\":\"WebPage\",\"@id\":\"https:\/\/www.exagonplus.com\/web\/index.php\/semplicita\/\",\"url\":\"https:\/\/www.exagonplus.com\/web\/index.php\/semplicita\/\",\"name\":\"Semplicit\u00e0 - Exagon Plus\",\"isPartOf\":{\"@id\":\"https:\/\/www.exagonplus.com\/web\/#website\"},\"datePublished\":\"2020-04-13T09:27:56+00:00\",\"dateModified\":\"2020-05-16T10:35:27+00:00\",\"breadcrumb\":{\"@id\":\"https:\/\/www.exagonplus.com\/web\/index.php\/semplicita\/#breadcrumb\"},\"inLanguage\":\"it-IT\",\"potentialAction\":[{\"@type\":\"ReadAction\",\"target\":[\"https:\/\/www.exagonplus.com\/web\/index.php\/semplicita\/\"]}]},{\"@type\":\"BreadcrumbList\",\"@id\":\"https:\/\/www.exagonplus.com\/web\/index.php\/semplicita\/#breadcrumb\",\"itemListElement\":[{\"@type\":\"ListItem\",\"position\":1,\"name\":\"Home\",\"item\":\"https:\/\/www.exagonplus.com\/web\/\"},{\"@type\":\"ListItem\",\"position\":2,\"name\":\"Semplicit\u00e0\"}]},{\"@type\":\"WebSite\",\"@id\":\"https:\/\/www.exagonplus.com\/web\/#website\",\"url\":\"https:\/\/www.exagonplus.com\/web\/\",\"name\":\"Exagon Plus\",\"description\":\"Miglior software per parrucchieri e centri estetici\",\"publisher\":{\"@id\":\"https:\/\/www.exagonplus.com\/web\/#organization\"},\"potentialAction\":[{\"@type\":\"SearchAction\",\"target\":{\"@type\":\"EntryPoint\",\"urlTemplate\":\"https:\/\/www.exagonplus.com\/web\/?s={search_term_string}\"},\"query-input\":\"required name=search_term_string\"}],\"inLanguage\":\"it-IT\"},{\"@type\":\"Organization\",\"@id\":\"https:\/\/www.exagonplus.com\/web\/#organization\",\"name\":\"Exagon Plus - Miglior software gestionale per parrucchieri, barber, centri estetici, SPA, solarium \u2013 CRM e APP\",\"url\":\"https:\/\/www.exagonplus.com\/web\/\",\"logo\":{\"@type\":\"ImageObject\",\"inLanguage\":\"it-IT\",\"@id\":\"https:\/\/www.exagonplus.com\/web\/#\/schema\/logo\/image\/\",\"url\":\"https:\/\/www.exagonplus.com\/web\/wp-content\/uploads\/2022\/10\/LOGO_exagon-plus.jpg\",\"contentUrl\":\"https:\/\/www.exagonplus.com\/web\/wp-content\/uploads\/2022\/10\/LOGO_exagon-plus.jpg\",\"width\":4228,\"height\":1214,\"caption\":\"Exagon Plus - Miglior software gestionale per parrucchieri, barber, centri estetici, SPA, solarium \u2013 CRM e APP\"},\"image\":{\"@id\":\"https:\/\/www.exagonplus.com\/web\/#\/schema\/logo\/image\/\"},\"sameAs\":[\"https:\/\/www.instagram.com\/exagonsoftware\/\",\"https:\/\/www.facebook.com\/exagonsoftware\"]}]}<\/script>\n<!-- \/ Yoast SEO plugin. -->","yoast_head_json":{"title":"Semplicit\u00e0 - Exagon Plus","robots":{"index":"index","follow":"follow","max-snippet":"max-snippet:-1","max-image-preview":"max-image-preview:large","max-video-preview":"max-video-preview:-1"},"canonical":"https:\/\/www.exagonplus.com\/web\/index.php\/semplicita\/","og_locale":"it_IT","og_type":"article","og_title":"Semplicit\u00e0 - Exagon Plus","og_description":"Vuoi qualcosa che con pochi click ti permette di gestire il tuo salone? [&hellip;]","og_url":"https:\/\/www.exagonplus.com\/web\/index.php\/semplicita\/","og_site_name":"Exagon Plus","article_publisher":"https:\/\/www.facebook.com\/exagonsoftware","article_modified_time":"2020-05-16T10:35:27+00:00","twitter_card":"summary_large_image","twitter_misc":{"Tempo di lettura stimato":"1 minuto"},"schema":{"@context":"https:\/\/schema.org","@graph":[{"@type":"WebPage","@id":"https:\/\/www.exagonplus.com\/web\/index.php\/semplicita\/","url":"https:\/\/www.exagonplus.com\/web\/index.php\/semplicita\/","name":"Semplicit\u00e0 - Exagon Plus","isPartOf":{"@id":"https:\/\/www.exagonplus.com\/web\/#website"},"datePublished":"2020-04-13T09:27:56+00:00","dateModified":"2020-05-16T10:35:27+00:00","breadcrumb":{"@id":"https:\/\/www.exagonplus.com\/web\/index.php\/semplicita\/#breadcrumb"},"inLanguage":"it-IT","potentialAction":[{"@type":"ReadAction","target":["https:\/\/www.exagonplus.com\/web\/index.php\/semplicita\/"]}]},{"@type":"BreadcrumbList","@id":"https:\/\/www.exagonplus.com\/web\/index.php\/semplicita\/#breadcrumb","itemListElement":[{"@type":"ListItem","position":1,"name":"Home","item":"https:\/\/www.exagonplus.com\/web\/"},{"@type":"ListItem","position":2,"name":"Semplicit\u00e0"}]},{"@type":"WebSite","@id":"https:\/\/www.exagonplus.com\/web\/#website","url":"https:\/\/www.exagonplus.com\/web\/","name":"Exagon Plus","description":"Miglior software per parrucchieri e centri estetici","publisher":{"@id":"https:\/\/www.exagonplus.com\/web\/#organization"},"potentialAction":[{"@type":"SearchAction","target":{"@type":"EntryPoint","urlTemplate":"https:\/\/www.exagonplus.com\/web\/?s={search_term_string}"},"query-input":"required name=search_term_string"}],"inLanguage":"it-IT"},{"@type":"Organization","@id":"https:\/\/www.exagonplus.com\/web\/#organization","name":"Exagon Plus - Miglior software gestionale per parrucchieri, barber, centri estetici, SPA, solarium \u2013 CRM e APP","url":"https:\/\/www.exagonplus.com\/web\/","logo":{"@type":"ImageObject","inLanguage":"it-IT","@id":"https:\/\/www.exagonplus.com\/web\/#\/schema\/logo\/image\/","url":"https:\/\/www.exagonplus.com\/web\/wp-content\/uploads\/2022\/10\/LOGO_exagon-plus.jpg","contentUrl":"https:\/\/www.exagonplus.com\/web\/wp-content\/uploads\/2022\/10\/LOGO_exagon-plus.jpg","width":4228,"height":1214,"caption":"Exagon Plus - Miglior software gestionale per parrucchieri, barber, centri estetici, SPA, solarium \u2013 CRM e APP"},"image":{"@id":"https:\/\/www.exagonplus.com\/web\/#\/schema\/logo\/image\/"},"sameAs":["https:\/\/www.instagram.com\/exagonsoftware\/","https:\/\/www.facebook.com\/exagonsoftware"]}]}},"_links":{"self":[{"href":"https:\/\/www.exagonplus.com\/web\/index.php\/wp-json\/wp\/v2\/pages\/684"}],"collection":[{"href":"https:\/\/www.exagonplus.com\/web\/index.php\/wp-json\/wp\/v2\/pages"}],"about":[{"href":"https:\/\/www.exagonplus.com\/web\/index.php\/wp-json\/wp\/v2\/types\/page"}],"author":[{"embeddable":true,"href":"https:\/\/www.exagonplus.com\/web\/index.php\/wp-json\/wp\/v2\/users\/4"}],"replies":[{"embeddable":true,"href":"https:\/\/www.exagonplus.com\/web\/index.php\/wp-json\/wp\/v2\/comments?post=684"}],"version-history":[{"count":11,"href":"https:\/\/www.exagonplus.com\/web\/index.php\/wp-json\/wp\/v2\/pages\/684\/revisions"}],"predecessor-version":[{"id":763,"href":"https:\/\/www.exagonplus.com\/web\/index.php\/wp-json\/wp\/v2\/pages\/684\/revisions\/763"}],"wp:attachment":[{"href":"https:\/\/www.exagonplus.com\/web\/index.php\/wp-json\/wp\/v2\/media?parent=684"}],"curies":[{"name":"wp","href":"https:\/\/api.w.org\/{rel}","templated":true}]}}