{"id":2,"date":"2018-11-03T16:48:33","date_gmt":"2018-11-03T16:48:33","guid":{"rendered":"https:\/\/www.exagonplus.com\/web\/?page_id=2"},"modified":"2019-04-16T15:25:31","modified_gmt":"2019-04-16T15:25:31","slug":"stampanti-rt","status":"publish","type":"page","link":"https:\/\/www.exagonplus.com\/web\/index.php\/stampanti-rt\/","title":{"rendered":"NEWS"},"content":{"rendered":"<h2 style=\"text-align: center;\"><strong>RICEVUTE FISCALI ADDIO!!<\/strong><\/h2>\n<p style=\"text-align: center;\"><strong>SEI INFORMATO SUI NUOVI OBBLIGHI IN MATERIALE FISCALE IN SALONE?<\/strong><\/p>\n<p style=\"text-align: center;\"><strong>SEI PRONTO AD ADEGUARTI ALLE NUOVE NORMATIVE?<\/strong><\/p>\n<p style=\"text-align: center;\"><strong>HAI UNA STAMPANTE FISCALE?<\/strong><\/p>\n<p style=\"text-align: center;\"><strong>SE NON CE L\u2019HAI, PER LEGGE DEVI COMPRARNE UNA ENTRO IL 1 GENNAIO 2020<\/strong><\/p>\n<p style=\"text-align: center;\">La legge prevede che entro il 1 GENNAIO 2020 tutti gli esercizi commerciali, compresi i saloni di acconciatura, debbano dotarsi di una stampante fiscale.<\/p>\n<p style=\"text-align: center;\">\n<p style=\"text-align: center;\"><strong>COS\u2019<\/strong><strong>\u00c8 LA STAMPANTE FISCALE?<\/strong><\/p>\n<p style=\"text-align: center;\">\u00c8 UNA STAMPANTE CHE EMETTE UNO SCONTRINO E CHE \u00c8 DIRETTAMENTE COLLEGATA ALL\u2019AGENZIA DELLE ENTRATE.<\/p>\n<p style=\"text-align: center;\">\n<p style=\"text-align: center;\"><strong>COSA CAMBIA?<\/strong><\/p>\n<ul style=\"text-align: center;\">\n<li>DAL 1 GENNAIO 2020 VERRANNO ABOLITE LE RICEVUTE FISCALI.<\/li>\n<li><\/li>\n<li>IL VECCHIO REGISTRATORE DI CASSA CHE EMETTEVA LO SCONTRINO NON SAR\u00c0 PI\u00d9 LEGALE E ANDR\u00c0 SOSTITUITO CON UN NUOVO REGISTRATORE AGGIORNATO, DIRETTAMENTE COLLEGATO ALL\u2019AGENZIA DELLE ENTRATE.<\/li>\n<\/ul>\n<p style=\"text-align: center;\"><strong>COME FUNZIONER<\/strong><strong>\u00c0?<\/strong><\/p>\n<p style=\"text-align: center;\">IL NUOVO REGISTRATORE DI CASSA TELEMATICO EMETTER\u00c0 GLI SCONTRINI E INVIER\u00c0 OGNI GIORNO I DATI DELLA CHIUSURA SERALE ALL\u2019AGENZIA DELLE ENTRATE.<\/p>\n<p style=\"text-align: center;\">IL PARRUCCHIERE POTR\u00c0 FATTURARE DIRETTAMENTE DAL COMPUTER CHE SAR\u00c0 COLLEGATO AL REGISTRATORE DI CASSA\/STAMPANTE FISCALE.<\/p>\n<p style=\"text-align: center;\">\n<p style=\"text-align: center;\">QUANTO COSTA<\/p>\n<p style=\"text-align: center;\"><strong>LA NUOVA STAMPANTE FISCALE COSTA DAI 700 EURO IN SU<\/strong><\/p>\n<p style=\"text-align: center;\"><strong>ALTRI 150 EURO VANNO SPESI PER IL SOFTWARE CHE FA FUNZIONARE LA STAMPANTE E L\u2019INSTALLATORE.<\/strong><\/p>\n<p style=\"text-align: center;\"><strong>ALTRI 100 EURO PER IL TECNICO DELL\u2019AGENZIA DELLE ENTRATE CHE VERR<\/strong><strong>\u00c0 A VERIFICARE IL CORRETTO FUNZIONAMENTO DELLA STAMPANTE FISCALE DOPO 1 ANNO, IN SEGUITO OGNI 2 ANNI.<\/strong><\/p>\n<p style=\"text-align: center;\"><strong>\u00a0<\/strong><\/p>\n<p style=\"text-align: center;\">LA SOLUZIONE EXAGON \u201cCHIAVI IN MANO\u201d A 49 EURO AL MESE<\/p>\n<p style=\"text-align: center;\">EXAGON TI FORNISCE LA STAMPANTE FISCALE, IL SOFTWARE E L\u2019INSTALLATORE RATEIZZANDO IL TUO INVESTIMENTO:<\/p>\n<p style=\"text-align: center;\">SOLO 49 EURO AL MESE.<\/p>\n<p style=\"text-align: center;\">SAR\u00c0 EXAGON A MANDARE NEL TUO SALONE IL TECNICO DELL\u2019AGENZIA DELL\u2019ENTRATE AL COSTO DI 100 EURO,<\/p>\n<p style=\"text-align: center;\">ASSICURANDOSI CHE TU NON ABBIA ALCUN PROBLEMA A ESSERE SEMPRE IN REGOLA.<\/p>\n","protected":false},"excerpt":{"rendered":"RICEVUTE FISCALI ADDIO!! SEI INFORMATO SUI NUOVI OBBLIGHI IN MATERIALE FISCALE IN SALONE? [&hellip;]","protected":false},"author":1,"featured_media":0,"parent":0,"menu_order":0,"comment_status":"closed","ping_status":"open","template":"","meta":{"_monsterinsights_skip_tracking":false,"_monsterinsights_sitenote_active":false,"_monsterinsights_sitenote_note":"","_monsterinsights_sitenote_category":0},"yoast_head":"<!-- This site is optimized with the Yoast SEO plugin v19.9 - https:\/\/yoast.com\/wordpress\/plugins\/seo\/ -->\n<title>NEWS - Exagon Plus<\/title>\n<meta name=\"robots\" content=\"index, follow, max-snippet:-1, max-image-preview:large, max-video-preview:-1\" \/>\n<link rel=\"canonical\" href=\"https:\/\/www.exagonplus.com\/web\/index.php\/stampanti-rt\/\" \/>\n<meta property=\"og:locale\" content=\"it_IT\" \/>\n<meta property=\"og:type\" content=\"article\" \/>\n<meta property=\"og:title\" content=\"NEWS - Exagon Plus\" \/>\n<meta property=\"og:description\" content=\"RICEVUTE FISCALI ADDIO!! SEI INFORMATO SUI NUOVI OBBLIGHI IN MATERIALE FISCALE IN SALONE? [&hellip;]\" \/>\n<meta property=\"og:url\" content=\"https:\/\/www.exagonplus.com\/web\/index.php\/stampanti-rt\/\" \/>\n<meta property=\"og:site_name\" content=\"Exagon Plus\" \/>\n<meta property=\"article:publisher\" content=\"https:\/\/www.facebook.com\/exagonsoftware\" \/>\n<meta property=\"article:modified_time\" content=\"2019-04-16T15:25:31+00:00\" \/>\n<meta name=\"twitter:card\" content=\"summary_large_image\" \/>\n<meta name=\"twitter:label1\" content=\"Tempo di lettura stimato\" \/>\n\t<meta name=\"twitter:data1\" content=\"1 minuto\" \/>\n<script type=\"application\/ld+json\" class=\"yoast-schema-graph\">{\"@context\":\"https:\/\/schema.org\",\"@graph\":[{\"@type\":\"WebPage\",\"@id\":\"https:\/\/www.exagonplus.com\/web\/index.php\/stampanti-rt\/\",\"url\":\"https:\/\/www.exagonplus.com\/web\/index.php\/stampanti-rt\/\",\"name\":\"NEWS - Exagon Plus\",\"isPartOf\":{\"@id\":\"https:\/\/www.exagonplus.com\/web\/#website\"},\"datePublished\":\"2018-11-03T16:48:33+00:00\",\"dateModified\":\"2019-04-16T15:25:31+00:00\",\"breadcrumb\":{\"@id\":\"https:\/\/www.exagonplus.com\/web\/index.php\/stampanti-rt\/#breadcrumb\"},\"inLanguage\":\"it-IT\",\"potentialAction\":[{\"@type\":\"ReadAction\",\"target\":[\"https:\/\/www.exagonplus.com\/web\/index.php\/stampanti-rt\/\"]}]},{\"@type\":\"BreadcrumbList\",\"@id\":\"https:\/\/www.exagonplus.com\/web\/index.php\/stampanti-rt\/#breadcrumb\",\"itemListElement\":[{\"@type\":\"ListItem\",\"position\":1,\"name\":\"Home\",\"item\":\"https:\/\/www.exagonplus.com\/web\/\"},{\"@type\":\"ListItem\",\"position\":2,\"name\":\"NEWS\"}]},{\"@type\":\"WebSite\",\"@id\":\"https:\/\/www.exagonplus.com\/web\/#website\",\"url\":\"https:\/\/www.exagonplus.com\/web\/\",\"name\":\"Exagon Plus\",\"description\":\"Miglior software per parrucchieri e centri estetici\",\"publisher\":{\"@id\":\"https:\/\/www.exagonplus.com\/web\/#organization\"},\"potentialAction\":[{\"@type\":\"SearchAction\",\"target\":{\"@type\":\"EntryPoint\",\"urlTemplate\":\"https:\/\/www.exagonplus.com\/web\/?s={search_term_string}\"},\"query-input\":\"required name=search_term_string\"}],\"inLanguage\":\"it-IT\"},{\"@type\":\"Organization\",\"@id\":\"https:\/\/www.exagonplus.com\/web\/#organization\",\"name\":\"Exagon Plus - Miglior software gestionale per parrucchieri, barber, centri estetici, SPA, solarium \u2013 CRM e APP\",\"url\":\"https:\/\/www.exagonplus.com\/web\/\",\"logo\":{\"@type\":\"ImageObject\",\"inLanguage\":\"it-IT\",\"@id\":\"https:\/\/www.exagonplus.com\/web\/#\/schema\/logo\/image\/\",\"url\":\"https:\/\/www.exagonplus.com\/web\/wp-content\/uploads\/2022\/10\/LOGO_exagon-plus.jpg\",\"contentUrl\":\"https:\/\/www.exagonplus.com\/web\/wp-content\/uploads\/2022\/10\/LOGO_exagon-plus.jpg\",\"width\":4228,\"height\":1214,\"caption\":\"Exagon Plus - Miglior software gestionale per parrucchieri, barber, centri estetici, SPA, solarium \u2013 CRM e APP\"},\"image\":{\"@id\":\"https:\/\/www.exagonplus.com\/web\/#\/schema\/logo\/image\/\"},\"sameAs\":[\"https:\/\/www.instagram.com\/exagonsoftware\/\",\"https:\/\/www.facebook.com\/exagonsoftware\"]}]}<\/script>\n<!-- \/ Yoast SEO plugin. -->","yoast_head_json":{"title":"NEWS - Exagon Plus","robots":{"index":"index","follow":"follow","max-snippet":"max-snippet:-1","max-image-preview":"max-image-preview:large","max-video-preview":"max-video-preview:-1"},"canonical":"https:\/\/www.exagonplus.com\/web\/index.php\/stampanti-rt\/","og_locale":"it_IT","og_type":"article","og_title":"NEWS - Exagon Plus","og_description":"RICEVUTE FISCALI ADDIO!! SEI INFORMATO SUI NUOVI OBBLIGHI IN MATERIALE FISCALE IN SALONE? [&hellip;]","og_url":"https:\/\/www.exagonplus.com\/web\/index.php\/stampanti-rt\/","og_site_name":"Exagon Plus","article_publisher":"https:\/\/www.facebook.com\/exagonsoftware","article_modified_time":"2019-04-16T15:25:31+00:00","twitter_card":"summary_large_image","twitter_misc":{"Tempo di lettura stimato":"1 minuto"},"schema":{"@context":"https:\/\/schema.org","@graph":[{"@type":"WebPage","@id":"https:\/\/www.exagonplus.com\/web\/index.php\/stampanti-rt\/","url":"https:\/\/www.exagonplus.com\/web\/index.php\/stampanti-rt\/","name":"NEWS - Exagon Plus","isPartOf":{"@id":"https:\/\/www.exagonplus.com\/web\/#website"},"datePublished":"2018-11-03T16:48:33+00:00","dateModified":"2019-04-16T15:25:31+00:00","breadcrumb":{"@id":"https:\/\/www.exagonplus.com\/web\/index.php\/stampanti-rt\/#breadcrumb"},"inLanguage":"it-IT","potentialAction":[{"@type":"ReadAction","target":["https:\/\/www.exagonplus.com\/web\/index.php\/stampanti-rt\/"]}]},{"@type":"BreadcrumbList","@id":"https:\/\/www.exagonplus.com\/web\/index.php\/stampanti-rt\/#breadcrumb","itemListElement":[{"@type":"ListItem","position":1,"name":"Home","item":"https:\/\/www.exagonplus.com\/web\/"},{"@type":"ListItem","position":2,"name":"NEWS"}]},{"@type":"WebSite","@id":"https:\/\/www.exagonplus.com\/web\/#website","url":"https:\/\/www.exagonplus.com\/web\/","name":"Exagon Plus","description":"Miglior software per parrucchieri e centri estetici","publisher":{"@id":"https:\/\/www.exagonplus.com\/web\/#organization"},"potentialAction":[{"@type":"SearchAction","target":{"@type":"EntryPoint","urlTemplate":"https:\/\/www.exagonplus.com\/web\/?s={search_term_string}"},"query-input":"required name=search_term_string"}],"inLanguage":"it-IT"},{"@type":"Organization","@id":"https:\/\/www.exagonplus.com\/web\/#organization","name":"Exagon Plus - Miglior software gestionale per parrucchieri, barber, centri estetici, SPA, solarium \u2013 CRM e APP","url":"https:\/\/www.exagonplus.com\/web\/","logo":{"@type":"ImageObject","inLanguage":"it-IT","@id":"https:\/\/www.exagonplus.com\/web\/#\/schema\/logo\/image\/","url":"https:\/\/www.exagonplus.com\/web\/wp-content\/uploads\/2022\/10\/LOGO_exagon-plus.jpg","contentUrl":"https:\/\/www.exagonplus.com\/web\/wp-content\/uploads\/2022\/10\/LOGO_exagon-plus.jpg","width":4228,"height":1214,"caption":"Exagon Plus - Miglior software gestionale per parrucchieri, barber, centri estetici, SPA, solarium \u2013 CRM e APP"},"image":{"@id":"https:\/\/www.exagonplus.com\/web\/#\/schema\/logo\/image\/"},"sameAs":["https:\/\/www.instagram.com\/exagonsoftware\/","https:\/\/www.facebook.com\/exagonsoftware"]}]}},"_links":{"self":[{"href":"https:\/\/www.exagonplus.com\/web\/index.php\/wp-json\/wp\/v2\/pages\/2"}],"collection":[{"href":"https:\/\/www.exagonplus.com\/web\/index.php\/wp-json\/wp\/v2\/pages"}],"about":[{"href":"https:\/\/www.exagonplus.com\/web\/index.php\/wp-json\/wp\/v2\/types\/page"}],"author":[{"embeddable":true,"href":"https:\/\/www.exagonplus.com\/web\/index.php\/wp-json\/wp\/v2\/users\/1"}],"replies":[{"embeddable":true,"href":"https:\/\/www.exagonplus.com\/web\/index.php\/wp-json\/wp\/v2\/comments?post=2"}],"version-history":[{"count":2,"href":"https:\/\/www.exagonplus.com\/web\/index.php\/wp-json\/wp\/v2\/pages\/2\/revisions"}],"predecessor-version":[{"id":49,"href":"https:\/\/www.exagonplus.com\/web\/index.php\/wp-json\/wp\/v2\/pages\/2\/revisions\/49"}],"wp:attachment":[{"href":"https:\/\/www.exagonplus.com\/web\/index.php\/wp-json\/wp\/v2\/media?parent=2"}],"curies":[{"name":"wp","href":"https:\/\/api.w.org\/{rel}","templated":true}]}}